{"id":138,"date":"2013-08-30T16:30:16","date_gmt":"2013-08-30T14:30:16","guid":{"rendered":"http:\/\/www.podborany.cz\/?page_id=138"},"modified":"2022-09-06T12:57:08","modified_gmt":"2022-09-06T10:57:08","slug":"uvod","status":"publish","type":"page","link":"http:\/\/www.podborany.cz\/","title":{"rendered":"V\u00edt\u00e1me v\u00e1s v Podbo\u0159anech!"},"content":{"rendered":"<p>Webkamera &#8211; koupali\u0161t\u011b<\/p>\n<p>\u00a0<\/p>\n\n\n<figure class=\"wp-block-image size-large\"><img decoding=\"async\" src=\"https:\/\/webkamery.gc-system.cz\/_data\/podborany\/koupaliste.jpg\" alt=\"\"\/><\/figure>\n<div class=\"fcbkbttn_buttons_block\" id=\"fcbkbttn_left\"><\/div>","protected":false},"excerpt":{"rendered":"<p>Webkamera &#8211; koupali\u0161t\u011b \u00a0<\/p>\n","protected":false},"author":1,"featured_media":0,"parent":0,"menu_order":0,"comment_status":"closed","ping_status":"closed","template":"","meta":{"footnotes":""},"class_list":["post-138","page","type-page","status-publish","hentry"],"_links":{"self":[{"href":"http:\/\/www.podborany.cz\/index.php?rest_route=\/wp\/v2\/pages\/138"}],"collection":[{"href":"http:\/\/www.podborany.cz\/index.php?rest_route=\/wp\/v2\/pages"}],"about":[{"href":"http:\/\/www.podborany.cz\/index.php?rest_route=\/wp\/v2\/types\/page"}],"author":[{"embeddable":true,"href":"http:\/\/www.podborany.cz\/index.php?rest_route=\/wp\/v2\/users\/1"}],"replies":[{"embeddable":true,"href":"http:\/\/www.podborany.cz\/index.php?rest_route=%2Fwp%2Fv2%2Fcomments&post=138"}],"version-history":[{"count":27,"href":"http:\/\/www.podborany.cz\/index.php?rest_route=\/wp\/v2\/pages\/138\/revisions"}],"predecessor-version":[{"id":238,"href":"http:\/\/www.podborany.cz\/index.php?rest_route=\/wp\/v2\/pages\/138\/revisions\/238"}],"wp:attachment":[{"href":"http:\/\/www.podborany.cz\/index.php?rest_route=%2Fwp%2Fv2%2Fmedia&parent=138"}],"curies":[{"name":"wp","href":"https:\/\/api.w.org\/{rel}","templated":true}]}}